{"id":172,"date":"2024-04-05T08:47:58","date_gmt":"2024-04-05T06:47:58","guid":{"rendered":"https:\/\/foodtruck-lyon.local\/?page_id=172"},"modified":"2024-04-05T08:54:49","modified_gmt":"2024-04-05T06:54:49","slug":"mentions-legales","status":"publish","type":"page","link":"http:\/\/leschaletsdeconjux.com\/?page_id=172","title":{"rendered":"Mentions L\u00e9gales"},"content":{"rendered":"\t\t<div data-elementor-type=\"wp-page\" data-elementor-id=\"172\" class=\"elementor elementor-172\">\n\t\t\t\t<div class=\"elementor-element elementor-element-c83cc79 e-flex e-con-boxed e-con e-parent\" data-id=\"c83cc79\" data-element_type=\"container\" data-e-type=\"container\">\n\t\t\t\t\t<div class=\"e-con-inner\">\n\t\t\t\t<div class=\"elementor-element elementor-element-f4cd252 elementor-widget elementor-widget-heading\" data-id=\"f4cd252\" data-element_type=\"widget\" data-e-type=\"widget\" data-widget_type=\"heading.default\">\n\t\t\t\t<div class=\"elementor-widget-container\">\n\t\t\t\t\t<h2 class=\"elementor-heading-title elementor-size-default\">Mentions L\u00e9gales<\/h2>\t\t\t\t<\/div>\n\t\t\t\t<\/div>\n\t\t\t\t\t<\/div>\n\t\t\t\t<\/div>\n\t\t<div class=\"elementor-element elementor-element-ea9a1f8 e-flex e-con-boxed e-con e-parent\" data-id=\"ea9a1f8\" data-element_type=\"container\" data-e-type=\"container\">\n\t\t\t\t\t<div class=\"e-con-inner\">\n\t\t\t\t<div class=\"elementor-element elementor-element-30580ae elementor-widget elementor-widget-text-editor\" data-id=\"30580ae\" data-element_type=\"widget\" data-e-type=\"widget\" data-widget_type=\"text-editor.default\">\n\t\t\t\t<div class=\"elementor-widget-container\">\n\t\t\t\t\t\t\t\t\t<p><strong>Directeur de la publication :\u00a0<\/strong>M. BROSSE Alexandre<\/p><p><strong>Propri\u00e9taire :\u00a0<\/strong>IMMO BROSSE<\/p><p><strong>Adresse :\u00a0<\/strong>1289 Route du Bord du Lac, 73310, Conjux, France<br \/><strong>N\u00b0 de T\u00e9l. :\u00a0<\/strong>07 56 22 05 33<br \/><strong>Forme juridique :\u00a0<\/strong>SASU<br \/><strong>N\u00b0 de SIRET :\u00a0<\/strong>91063594500017<\/p><p><strong>Conception graphique et r\u00e9alisation technique :<\/strong>\u00a0Catline Alves<br \/><strong>H\u00e9bergeur :<\/strong>\u00a0O2SWITCH<br \/><strong>Informations nominatives :<\/strong>\u00a0Les informations nominatives figurant sur ce site, ou collect\u00e9es par le moyen des formulaires en ligne, sont collect\u00e9es dans les conditions pr\u00e9vus par la loi fran\u00e7aise \u00ab\u00a0informatique et libert\u00e9s\u00a0\u00bb du 6 janvier 1978. Toutes personnes ayant fourni ces donn\u00e9es dispose d\u2019un droit d\u2019acc\u00e8s, de modification, de rectification et de suppression des donn\u00e9es la concernant. Pour l\u2019exercer, contactez-nous.<\/p><p><strong>Conditions d\u2019utilisation du site et protection des donn\u00e9es personnelles<\/strong><\/p><p>La consultation de ce site implique automatiquement votre acceptation sans r\u00e9serve de l\u2019ensemble des conditions suivantes. Par cons\u00e9quent, en cas de d\u00e9saccord avec les termes de ces conditions, vous \u00eates pri\u00e9 de cesser d\u2019utiliser ce site. Les textes et photos pr\u00e9sents sur ce site sont non contractuels.<\/p><p><em>Photos et droit d\u2019auteur<\/em><\/p><p>Ce site respecte le droit d\u2019auteur. Les \u0153uvres reproduites et communiqu\u00e9es sur ce site sont prot\u00e9g\u00e9es par le droit d\u2019auteur. Sauf autorisation expresse des Chalets de Conjux, toute utilisation de ces \u0153uvres autres que la reproduction et la repr\u00e9sentation \u00e0 titre individuel et priv\u00e9 sont interdites.<\/p><p><em>Contenu du site<\/em><\/p><p>Notamment, mais non exclusivement, la structure g\u00e9n\u00e9rale du site, les textes, photographies, la mise en page, la charte graphique, les marques, logos et autres signes distinctifs qui apparaissent dans ce site sont susceptibles d\u2019\u00eatre prot\u00e9g\u00e9s par les droits de propri\u00e9t\u00e9 intellectuelle et sont la propri\u00e9t\u00e9 exclusive des Chalets de Conjux.<\/p><p>Malgr\u00e9 tous les soins apport\u00e9s dans la r\u00e9alisation de ce site et \u00e0 son actualisation r\u00e9guli\u00e8re, des erreurs peuvent s\u2019\u00eatre gliss\u00e9es dans les informations et \/ ou documents pr\u00e9sent\u00e9s. Les utilisateurs du site proc\u00e9deront donc \u00e0 toutes v\u00e9rifications utiles.<\/p><p>Certaines photos pr\u00e9sentes sur le site sont susceptibles de faire appara\u00eetre des boissons alcoolis\u00e9es. L\u2019abus d\u2019alcool est dangereux pour la sant\u00e9, \u00e0 consommer avec mod\u00e9ration.<\/p><p><strong>Vos avantages \u00e0 r\u00e9server en direct :\u00a0<\/strong><\/p><p>Le meilleur prix :<\/p><p>Vous b\u00e9n\u00e9ficierez toujours des tarifs les plus avantageux en r\u00e9servant directement aupr\u00e8s des Chalets de Conjux, sur nos sites internet, par t\u00e9l\u00e9phone ou par email.<\/p><p>Des offres sp\u00e9ciales uniques :<\/p><p>Seule la r\u00e9servation en direct vous garantira de toujours b\u00e9n\u00e9ficier de nos offres sp\u00e9ciales th\u00e9matiques, temporaires ou permanentes.<\/p><p>Un s\u00e9jour sur mesure et personnalis\u00e9 :<\/p><p>D\u00e8s le premier contact, nous mettons tout en \u0153uvre pour vous assurer un s\u00e9jour qui correspond en tous points \u00e0 vos demandes, sp\u00e9cifiques, personnelles ou confidentielles.<\/p><p>\u00a9 2023 Les Chalets de Conjux All Rights Reserved<\/p>\t\t\t\t\t\t\t\t<\/div>\n\t\t\t\t<\/div>\n\t\t\t\t\t<\/div>\n\t\t\t\t<\/div>\n\t\t\t\t<\/div>\n\t\t","protected":false},"excerpt":{"rendered":"<p>Mentions L\u00e9gales Directeur de la publication :\u00a0M. BROSSE Alexandre Propri\u00e9taire :\u00a0IMMO BROSSE Adresse :\u00a01289 Route du Bord du Lac, 73310, Conjux, FranceN\u00b0 de T\u00e9l. :\u00a007 56 22 05 33Forme juridique :\u00a0SASUN\u00b0 de SIRET :\u00a091063594500017 Conception graphique et r\u00e9alisation technique :\u00a0Catline AlvesH\u00e9bergeur :\u00a0O2SWITCHInformations nominatives :\u00a0Les informations nominatives figurant sur ce site, ou collect\u00e9es par le moyen [&hellip;]<\/p>\n","protected":false},"author":2,"featured_media":0,"parent":0,"menu_order":0,"comment_status":"closed","ping_status":"closed","template":"","meta":{"footnotes":""},"class_list":["post-172","page","type-page","status-publish","hentry","entry"],"yoast_head":"<!-- This site is optimized with the Yoast SEO plugin v27.4 - https:\/\/yoast.com\/product\/yoast-seo-wordpress\/ -->\n<title>Mentions L\u00e9gales - LES CHALETS DE CONJUX<\/title>\n<meta name=\"robots\" content=\"index, follow, max-snippet:-1, max-image-preview:large, max-video-preview:-1\" \/>\n<link rel=\"canonical\" href=\"http:\/\/leschaletsdeconjux.com\/?page_id=172\" \/>\n<meta property=\"og:locale\" content=\"fr_FR\" \/>\n<meta property=\"og:type\" content=\"article\" \/>\n<meta property=\"og:title\" content=\"Mentions L\u00e9gales - LES CHALETS DE CONJUX\" \/>\n<meta property=\"og:description\" content=\"Mentions L\u00e9gales Directeur de la publication :\u00a0M. BROSSE Alexandre Propri\u00e9taire :\u00a0IMMO BROSSE Adresse :\u00a01289 Route du Bord du Lac, 73310, Conjux, FranceN\u00b0 de T\u00e9l. :\u00a007 56 22 05 33Forme juridique :\u00a0SASUN\u00b0 de SIRET :\u00a091063594500017 Conception graphique et r\u00e9alisation technique :\u00a0Catline AlvesH\u00e9bergeur :\u00a0O2SWITCHInformations nominatives :\u00a0Les informations nominatives figurant sur ce site, ou collect\u00e9es par le moyen [&hellip;]\" \/>\n<meta property=\"og:url\" content=\"http:\/\/leschaletsdeconjux.com\/?page_id=172\" \/>\n<meta property=\"og:site_name\" content=\"LES CHALETS DE CONJUX\" \/>\n<meta property=\"article:modified_time\" content=\"2024-04-05T06:54:49+00:00\" \/>\n<meta name=\"twitter:card\" content=\"summary_large_image\" \/>\n<meta name=\"twitter:label1\" content=\"Dur\u00e9e de lecture estim\u00e9e\" \/>\n\t<meta name=\"twitter:data1\" content=\"3 minutes\" \/>\n<script type=\"application\/ld+json\" class=\"yoast-schema-graph\">{\"@context\":\"https:\\\/\\\/schema.org\",\"@graph\":[{\"@type\":\"WebPage\",\"@id\":\"http:\\\/\\\/leschaletsdeconjux.com\\\/?page_id=172\",\"url\":\"http:\\\/\\\/leschaletsdeconjux.com\\\/?page_id=172\",\"name\":\"Mentions L\u00e9gales - LES CHALETS DE CONJUX\",\"isPartOf\":{\"@id\":\"http:\\\/\\\/leschaletsdeconjux.com\\\/#website\"},\"datePublished\":\"2024-04-05T06:47:58+00:00\",\"dateModified\":\"2024-04-05T06:54:49+00:00\",\"breadcrumb\":{\"@id\":\"http:\\\/\\\/leschaletsdeconjux.com\\\/?page_id=172#breadcrumb\"},\"inLanguage\":\"fr-FR\",\"potentialAction\":[{\"@type\":\"ReadAction\",\"target\":[\"http:\\\/\\\/leschaletsdeconjux.com\\\/?page_id=172\"]}]},{\"@type\":\"BreadcrumbList\",\"@id\":\"http:\\\/\\\/leschaletsdeconjux.com\\\/?page_id=172#breadcrumb\",\"itemListElement\":[{\"@type\":\"ListItem\",\"position\":1,\"name\":\"Accueil\",\"item\":\"http:\\\/\\\/leschaletsdeconjux.com\\\/\"},{\"@type\":\"ListItem\",\"position\":2,\"name\":\"Mentions L\u00e9gales\"}]},{\"@type\":\"WebSite\",\"@id\":\"http:\\\/\\\/leschaletsdeconjux.com\\\/#website\",\"url\":\"http:\\\/\\\/leschaletsdeconjux.com\\\/\",\"name\":\"LES CHALETS DE CONJUX\",\"description\":\"\",\"publisher\":{\"@id\":\"http:\\\/\\\/leschaletsdeconjux.com\\\/#organization\"},\"potentialAction\":[{\"@type\":\"SearchAction\",\"target\":{\"@type\":\"EntryPoint\",\"urlTemplate\":\"http:\\\/\\\/leschaletsdeconjux.com\\\/?s={search_term_string}\"},\"query-input\":{\"@type\":\"PropertyValueSpecification\",\"valueRequired\":true,\"valueName\":\"search_term_string\"}}],\"inLanguage\":\"fr-FR\"},{\"@type\":\"Organization\",\"@id\":\"http:\\\/\\\/leschaletsdeconjux.com\\\/#organization\",\"name\":\"LES CHALETS DE CONJUX\",\"url\":\"http:\\\/\\\/leschaletsdeconjux.com\\\/\",\"logo\":{\"@type\":\"ImageObject\",\"inLanguage\":\"fr-FR\",\"@id\":\"http:\\\/\\\/leschaletsdeconjux.com\\\/#\\\/schema\\\/logo\\\/image\\\/\",\"url\":\"http:\\\/\\\/leschaletsdeconjux.com\\\/wp-content\\\/uploads\\\/2024\\\/04\\\/cropped-cropped-Logo-4.png\",\"contentUrl\":\"http:\\\/\\\/leschaletsdeconjux.com\\\/wp-content\\\/uploads\\\/2024\\\/04\\\/cropped-cropped-Logo-4.png\",\"width\":499,\"height\":268,\"caption\":\"LES CHALETS DE CONJUX\"},\"image\":{\"@id\":\"http:\\\/\\\/leschaletsdeconjux.com\\\/#\\\/schema\\\/logo\\\/image\\\/\"}}]}<\/script>\n<!-- \/ Yoast SEO plugin. -->","yoast_head_json":{"title":"Mentions L\u00e9gales - LES CHALETS DE CONJUX","robots":{"index":"index","follow":"follow","max-snippet":"max-snippet:-1","max-image-preview":"max-image-preview:large","max-video-preview":"max-video-preview:-1"},"canonical":"http:\/\/leschaletsdeconjux.com\/?page_id=172","og_locale":"fr_FR","og_type":"article","og_title":"Mentions L\u00e9gales - LES CHALETS DE CONJUX","og_description":"Mentions L\u00e9gales Directeur de la publication :\u00a0M. BROSSE Alexandre Propri\u00e9taire :\u00a0IMMO BROSSE Adresse :\u00a01289 Route du Bord du Lac, 73310, Conjux, FranceN\u00b0 de T\u00e9l. :\u00a007 56 22 05 33Forme juridique :\u00a0SASUN\u00b0 de SIRET :\u00a091063594500017 Conception graphique et r\u00e9alisation technique :\u00a0Catline AlvesH\u00e9bergeur :\u00a0O2SWITCHInformations nominatives :\u00a0Les informations nominatives figurant sur ce site, ou collect\u00e9es par le moyen [&hellip;]","og_url":"http:\/\/leschaletsdeconjux.com\/?page_id=172","og_site_name":"LES CHALETS DE CONJUX","article_modified_time":"2024-04-05T06:54:49+00:00","twitter_card":"summary_large_image","twitter_misc":{"Dur\u00e9e de lecture estim\u00e9e":"3 minutes"},"schema":{"@context":"https:\/\/schema.org","@graph":[{"@type":"WebPage","@id":"http:\/\/leschaletsdeconjux.com\/?page_id=172","url":"http:\/\/leschaletsdeconjux.com\/?page_id=172","name":"Mentions L\u00e9gales - LES CHALETS DE CONJUX","isPartOf":{"@id":"http:\/\/leschaletsdeconjux.com\/#website"},"datePublished":"2024-04-05T06:47:58+00:00","dateModified":"2024-04-05T06:54:49+00:00","breadcrumb":{"@id":"http:\/\/leschaletsdeconjux.com\/?page_id=172#breadcrumb"},"inLanguage":"fr-FR","potentialAction":[{"@type":"ReadAction","target":["http:\/\/leschaletsdeconjux.com\/?page_id=172"]}]},{"@type":"BreadcrumbList","@id":"http:\/\/leschaletsdeconjux.com\/?page_id=172#breadcrumb","itemListElement":[{"@type":"ListItem","position":1,"name":"Accueil","item":"http:\/\/leschaletsdeconjux.com\/"},{"@type":"ListItem","position":2,"name":"Mentions L\u00e9gales"}]},{"@type":"WebSite","@id":"http:\/\/leschaletsdeconjux.com\/#website","url":"http:\/\/leschaletsdeconjux.com\/","name":"LES CHALETS DE CONJUX","description":"","publisher":{"@id":"http:\/\/leschaletsdeconjux.com\/#organization"},"potentialAction":[{"@type":"SearchAction","target":{"@type":"EntryPoint","urlTemplate":"http:\/\/leschaletsdeconjux.com\/?s={search_term_string}"},"query-input":{"@type":"PropertyValueSpecification","valueRequired":true,"valueName":"search_term_string"}}],"inLanguage":"fr-FR"},{"@type":"Organization","@id":"http:\/\/leschaletsdeconjux.com\/#organization","name":"LES CHALETS DE CONJUX","url":"http:\/\/leschaletsdeconjux.com\/","logo":{"@type":"ImageObject","inLanguage":"fr-FR","@id":"http:\/\/leschaletsdeconjux.com\/#\/schema\/logo\/image\/","url":"http:\/\/leschaletsdeconjux.com\/wp-content\/uploads\/2024\/04\/cropped-cropped-Logo-4.png","contentUrl":"http:\/\/leschaletsdeconjux.com\/wp-content\/uploads\/2024\/04\/cropped-cropped-Logo-4.png","width":499,"height":268,"caption":"LES CHALETS DE CONJUX"},"image":{"@id":"http:\/\/leschaletsdeconjux.com\/#\/schema\/logo\/image\/"}}]}},"_links":{"self":[{"href":"http:\/\/leschaletsdeconjux.com\/index.php?rest_route=\/wp\/v2\/pages\/172","targetHints":{"allow":["GET"]}}],"collection":[{"href":"http:\/\/leschaletsdeconjux.com\/index.php?rest_route=\/wp\/v2\/pages"}],"about":[{"href":"http:\/\/leschaletsdeconjux.com\/index.php?rest_route=\/wp\/v2\/types\/page"}],"author":[{"embeddable":true,"href":"http:\/\/leschaletsdeconjux.com\/index.php?rest_route=\/wp\/v2\/users\/2"}],"replies":[{"embeddable":true,"href":"http:\/\/leschaletsdeconjux.com\/index.php?rest_route=%2Fwp%2Fv2%2Fcomments&post=172"}],"version-history":[{"count":3,"href":"http:\/\/leschaletsdeconjux.com\/index.php?rest_route=\/wp\/v2\/pages\/172\/revisions"}],"predecessor-version":[{"id":175,"href":"http:\/\/leschaletsdeconjux.com\/index.php?rest_route=\/wp\/v2\/pages\/172\/revisions\/175"}],"wp:attachment":[{"href":"http:\/\/leschaletsdeconjux.com\/index.php?rest_route=%2Fwp%2Fv2%2Fmedia&parent=172"}],"curies":[{"name":"wp","href":"https:\/\/api.w.org\/{rel}","templated":true}]}}